{"id":10,"date":"2014-10-04T16:38:56","date_gmt":"2014-10-04T15:38:56","guid":{"rendered":"http:\/\/www.lesecuriesdemonconseil.com\/?page_id=10"},"modified":"2014-10-04T16:38:56","modified_gmt":"2014-10-04T15:38:56","slug":"activites","status":"publish","type":"page","link":"https:\/\/www.lesecuriesdemonconseil.com\/?page_id=10","title":{"rendered":"Activit\u00e9s"},"content":{"rendered":"<p>Stage \u00e9quitation : initiation, perfectionnement ou comp\u00e9tition.<\/p>\n<p>Nous proposons des stages d&rsquo;\u00e9quitation \u00e0 la demi-journ\u00e9e, la journ\u00e9e ou\u00a0\u00e0 la semaine pour tous les niveaux, de l&rsquo;initiation jusqu&rsquo;au passage des galops.<\/p>\n<p>Les cours sont dispens\u00e9s par\u00a0Clothilde Vergne, monitrice d&rsquo;\u00e9quitation brevet\u00e9 d&rsquo;Etat.<\/p>\n<p>Nous pouvons \u00e9galement vous accompagner pour des randonn\u00e9es \u00e9questres.<\/p>\n","protected":false},"excerpt":{"rendered":"<p>Stage \u00e9quitation : initiation, perfectionnement ou comp\u00e9tition. Nous proposons des stages d&rsquo;\u00e9quitation \u00e0 la demi-journ\u00e9e, la journ\u00e9e ou\u00a0\u00e0 la semaine pour tous les niveaux, de l&rsquo;initiation jusqu&rsquo;au passage des galops. Les cours sont dispens\u00e9s par\u00a0Clothilde Vergne, monitrice d&rsquo;\u00e9quitation brevet\u00e9 d&rsquo;Etat. Nous pouvons \u00e9galement vous accompagner pour des randonn\u00e9es \u00e9questres.<\/p>\n","protected":false},"author":1,"featured_media":0,"parent":0,"menu_order":0,"comment_status":"closed","ping_status":"closed","template":"","meta":{"footnotes":""},"class_list":["post-10","page","type-page","status-publish","hentry"],"_links":{"self":[{"href":"https:\/\/www.lesecuriesdemonconseil.com\/index.php?rest_route=\/wp\/v2\/pages\/10","targetHints":{"allow":["GET"]}}],"collection":[{"href":"https:\/\/www.lesecuriesdemonconseil.com\/index.php?rest_route=\/wp\/v2\/pages"}],"about":[{"href":"https:\/\/www.lesecuriesdemonconseil.com\/index.php?rest_route=\/wp\/v2\/types\/page"}],"author":[{"embeddable":true,"href":"https:\/\/www.lesecuriesdemonconseil.com\/index.php?rest_route=\/wp\/v2\/users\/1"}],"replies":[{"embeddable":true,"href":"https:\/\/www.lesecuriesdemonconseil.com\/index.php?rest_route=%2Fwp%2Fv2%2Fcomments&post=10"}],"version-history":[{"count":1,"href":"https:\/\/www.lesecuriesdemonconseil.com\/index.php?rest_route=\/wp\/v2\/pages\/10\/revisions"}],"predecessor-version":[{"id":11,"href":"https:\/\/www.lesecuriesdemonconseil.com\/index.php?rest_route=\/wp\/v2\/pages\/10\/revisions\/11"}],"wp:attachment":[{"href":"https:\/\/www.lesecuriesdemonconseil.com\/index.php?rest_route=%2Fwp%2Fv2%2Fmedia&parent=10"}],"curies":[{"name":"wp","href":"https:\/\/api.w.org\/{rel}","templated":true}]}}