{"id":20,"date":"2014-10-04T16:55:56","date_gmt":"2014-10-04T15:55:56","guid":{"rendered":"http:\/\/www.lesecuriesdemonconseil.com\/?page_id=20"},"modified":"2022-08-24T10:38:51","modified_gmt":"2022-08-24T09:38:51","slug":"tarifs-et-adhesion","status":"publish","type":"page","link":"https:\/\/www.lesecuriesdemonconseil.com\/?page_id=20","title":{"rendered":"Tarifs et Adh\u00e9sion"},"content":{"rendered":"<h3 style=\"text-align: center;\">Tarifs \u00ab\u00a0club\u00a0\u00bb<\/h3>\n<p style=\"text-align: center;\">Cotisation annuelle et par famille : 85\u20ac<\/p>\n<p style=\"text-align: center;\">Licence -18 ans (pour la f\u00e9d\u00e9ration)\u00a0 25\u20ac<\/p>\n<p style=\"text-align: center;\">Licence +18 ans (pour la f\u00e9d\u00e9ration) 36\u20ac<\/p>\n<hr \/>\n<h3 style=\"text-align: center;\">Tarifs cours<\/h3>\n<p style=\"text-align: center;\">carte 10h: 185\u20ac<\/p>\n<p style=\"text-align: center;\">Cours particuliers : 32 \u20ac<\/p>\n<hr \/>\n<h3 style=\"text-align: center;\">\u00a0 Tarifs stages<\/h3>\n<p style=\"text-align: center;\">stages demi-journ\u00e9e: 40\u20ac<\/p>\n<p style=\"text-align: center;\">stages journ\u00e9e: 55\u20ac<\/p>\n<hr \/>\n<h3 style=\"text-align: center;\">\u00a0Tarifs pensions<\/h3>\n<p style=\"text-align: center;\" align=\"left\"><span style=\"font-family: Lucida Handwriting, cursive;\"><span style=\"font-size: medium;\">*1\/4 pension\u00a0: 75 euros<\/span><\/span><\/p>\n<p style=\"text-align: center;\" align=\"left\"><span style=\"font-family: Lucida Handwriting, cursive;\"><span style=\"font-size: small;\">(1 cours compris)<\/span><\/span><\/p>\n<p style=\"text-align: center;\" align=\"left\"><span style=\"font-family: Lucida Handwriting, cursive;\"><span style=\"font-size: medium;\">*1\/2 pension\u00a0: 150 euros<\/span><\/span><\/p>\n<p style=\"text-align: center;\" align=\"left\"><span style=\"font-family: Lucida Handwriting, cursive;\"><span style=\"font-size: small;\">(2 cours compris)<\/span><\/span><\/p>\n<p style=\"text-align: center;\" align=\"left\"><span style=\"font-family: Lucida Handwriting, cursive;\"><span style=\"font-size: medium;\">*pension pr\u00e9\u00a0: 300 euros<\/span><\/span><\/p>\n<p style=\"text-align: center;\" align=\"left\"><span style=\"font-family: Lucida Handwriting, cursive;\"><span style=\"font-size: small;\">(abris, foin, floconn\u00e9)<\/span><\/span><\/p>\n<p style=\"text-align: center;\" align=\"left\"><span style=\"font-family: Lucida Handwriting, cursive;\"><span style=\"font-size: medium;\">*pension paddock\/individuel\u00a0: 370euros<\/span><\/span><\/p>\n<p style=\"text-align: center;\" align=\"left\"><span style=\"font-family: Lucida Handwriting, cursive;\"><span style=\"font-size: small;\">(abris, enrubann\u00e9, floconn\u00e9, sp\u00e9cial chevaux avec probl\u00e8mes respiratoires ou remise en \u00e9tat)<\/span><\/span><\/p>\n<p style=\"text-align: center;\" align=\"left\"><span style=\"font-family: Lucida Handwriting, cursive;\"><span style=\"font-size: medium;\">*pension box\/paddock\u00a0: 440 euros<\/span><\/span><\/p>\n<p style=\"text-align: center;\" align=\"left\"><span style=\"font-family: Lucida Handwriting, cursive;\"><span style=\"font-size: small;\">(sur copeaux,enrubann\u00e9, floconn\u00e9)<\/span><\/span><\/p>\n<p style=\"text-align: center;\" align=\"left\"><span style=\"font-family: Lucida Handwriting, cursive;\"><span style=\"font-size: medium;\">*pension travail\u00a0: 530 euros<\/span><\/span><\/p>\n<p style=\"text-align: center;\">\n","protected":false},"excerpt":{"rendered":"<p>Tarifs \u00ab\u00a0club\u00a0\u00bb Cotisation annuelle et par famille : 85\u20ac Licence -18 ans (pour la f\u00e9d\u00e9ration)\u00a0 25\u20ac Licence +18 ans (pour la f\u00e9d\u00e9ration) 36\u20ac Tarifs cours carte 10h: 185\u20ac Cours particuliers : 32 \u20ac \u00a0 Tarifs stages stages demi-journ\u00e9e: 40\u20ac stages journ\u00e9e: 55\u20ac \u00a0Tarifs pensions *1\/4 pension\u00a0: 75 euros (1 cours compris) *1\/2 pension\u00a0: 150 euros [&hellip;]<\/p>\n","protected":false},"author":1,"featured_media":0,"parent":0,"menu_order":0,"comment_status":"closed","ping_status":"closed","template":"","meta":{"footnotes":""},"class_list":["post-20","page","type-page","status-publish","hentry"],"_links":{"self":[{"href":"https:\/\/www.lesecuriesdemonconseil.com\/index.php?rest_route=\/wp\/v2\/pages\/20","targetHints":{"allow":["GET"]}}],"collection":[{"href":"https:\/\/www.lesecuriesdemonconseil.com\/index.php?rest_route=\/wp\/v2\/pages"}],"about":[{"href":"https:\/\/www.lesecuriesdemonconseil.com\/index.php?rest_route=\/wp\/v2\/types\/page"}],"author":[{"embeddable":true,"href":"https:\/\/www.lesecuriesdemonconseil.com\/index.php?rest_route=\/wp\/v2\/users\/1"}],"replies":[{"embeddable":true,"href":"https:\/\/www.lesecuriesdemonconseil.com\/index.php?rest_route=%2Fwp%2Fv2%2Fcomments&post=20"}],"version-history":[{"count":13,"href":"https:\/\/www.lesecuriesdemonconseil.com\/index.php?rest_route=\/wp\/v2\/pages\/20\/revisions"}],"predecessor-version":[{"id":1029,"href":"https:\/\/www.lesecuriesdemonconseil.com\/index.php?rest_route=\/wp\/v2\/pages\/20\/revisions\/1029"}],"wp:attachment":[{"href":"https:\/\/www.lesecuriesdemonconseil.com\/index.php?rest_route=%2Fwp%2Fv2%2Fmedia&parent=20"}],"curies":[{"name":"wp","href":"https:\/\/api.w.org\/{rel}","templated":true}]}}